{"id":8,"date":"2013-12-19T15:56:06","date_gmt":"2013-12-19T15:56:06","guid":{"rendered":"http:\/\/beliveas.cz\/?page_id=8"},"modified":"2018-01-15T16:23:32","modified_gmt":"2018-01-15T16:23:32","slug":"o-spolecnosti","status":"publish","type":"page","link":"https:\/\/witcher.cz\/","title":{"rendered":"O spole\u010dnosti"},"content":{"rendered":"<p>Spole\u010dnost Witcher, a.s. byla zaps\u00e1na 28.12.2007 u M\u011bstsk\u00e9ho soudu v Praze, odd\u00edl B, vlo\u017eka 28198841.<\/p>\n<p>Kontaktn\u00ed \u00fadaje:<br \/>\nWitcher, a.s.<br \/>\nSrb\u00ednsk\u00e1 4\/867<br \/>\n100 00 Praha 10<br \/>\nI\u010c: 28195299<br \/>\nDI\u010c: CZ28195299<\/p>\n<p><iframe loading=\"lazy\" src=\"https:\/\/maps.google.cz\/maps?f=q&amp;source=s_q&amp;hl=cs&amp;geocode=&amp;q=Srb%C3%ADnsk%C3%A1+4%2F867,+Praha-Praha+10&amp;aq=0&amp;oq=Srb%C3%ADnsk%C3%A1+4%2F867,+P&amp;sll=49.972422,11.755371&amp;sspn=4.621636,5.251465&amp;t=h&amp;brcurrent=5,0,0&amp;ie=UTF8&amp;hq=&amp;hnear=Srb%C3%ADnsk%C3%A1+867%2F4,+100+00+Praha&amp;ll=50.068709,14.493799&amp;spn=0.016528,0.025749&amp;z=14&amp;iwloc=A&amp;output=embed\" height=\"300\" width=\"300\" frameborder=\"0\" marginwidth=\"0\" marginheight=\"0\" scrolling=\"no\"><\/iframe><\/p>\n<p><a style=\"color: #0000ff; text-align: left;\" href=\"https:\/\/maps.google.cz\/maps?f=q&amp;source=embed&amp;hl=cs&amp;geocode=&amp;q=Srb%C3%ADnsk%C3%A1+4%2F867,+Praha-Praha+10&amp;aq=0&amp;oq=Srb%C3%ADnsk%C3%A1+4%2F867,+P&amp;sll=49.972422,11.755371&amp;sspn=4.621636,5.251465&amp;t=h&amp;brcurrent=5,0,0&amp;ie=UTF8&amp;hq=&amp;hnear=Srb%C3%ADnsk%C3%A1+867%2F4,+100+00+Praha&amp;ll=50.068709,14.493799&amp;spn=0.016528,0.025749&amp;z=14&amp;iwloc=A\">Zv\u011bt\u0161it mapu<\/a><\/p>\n<p>p\u0159edseda p\u0159edstavenstva:<br \/>\nIng. MARTIN UL\u010c\u00c1K, dat. nar.  24. b\u0159ezna 1964<br \/>\nZelen\u00e1 1570\/14a, Dejvice, 160 00 Praha 6<br \/>\nDen vzniku funkce: 21. prosince 2012<br \/>\nDen vzniku \u010dlenstv\u00ed: 20. prosince 2012<\/p>\n<p>\u010dlen p\u0159edstavenstva:<br \/>\nng. JI\u0158INA UL\u010c\u00c1KOV\u00c1, dat. nar.  1. ledna 1964<br \/>\nZelen\u00e1 1570\/14, Dejvice, 160 00 Praha 6<br \/>\nDen vzniku funkce: 21. prosince 2012<br \/>\nDen vzniku \u010dlenstv\u00ed: 20. prosince 2012<\/p>\n<p>\u010dlen p\u0159edstavenstva:<br \/>\nMgr. IVETA NOV\u00c1KOV\u00c1, dat. nar.  10. \u010dervence 1971<br \/>\nNad \u0160\u00e1rkou 1359\/85, Dejvice, 160 00 Praha 6<br \/>\nDen vzniku funkce: 21. prosince 2012<br \/>\nDen vzniku \u010dlenstv\u00ed: 20. prosince 2012<\/p>\n","protected":false},"excerpt":{"rendered":"<p>Spole\u010dnost Witcher, a.s. byla zaps\u00e1na 28.12.2007 u M\u011bstsk\u00e9ho soudu v Praze, odd\u00edl B, vlo\u017eka 28198841. Kontaktn\u00ed \u00fadaje: Witcher, a.s. Srb\u00ednsk\u00e1 4\/867 100 00 Praha 10 I\u010c: 28195299 DI\u010c: CZ28195299 Zv\u011bt\u0161it mapu p\u0159edseda p\u0159edstavenstva: Ing. MARTIN UL\u010c\u00c1K, dat. nar. 24. b\u0159ezna 1964 Zelen\u00e1 1570\/14a, Dejvice, 160 00 Praha 6 Den vzniku funkce: 21. prosince 2012 Den [&hellip;]<\/p>\n","protected":false},"author":1,"featured_media":0,"parent":0,"menu_order":0,"comment_status":"closed","ping_status":"open","template":"","meta":{"footnotes":""},"class_list":["post-8","page","type-page","status-publish","hentry"],"_links":{"self":[{"href":"https:\/\/witcher.cz\/index.php?rest_route=\/wp\/v2\/pages\/8","targetHints":{"allow":["GET"]}}],"collection":[{"href":"https:\/\/witcher.cz\/index.php?rest_route=\/wp\/v2\/pages"}],"about":[{"href":"https:\/\/witcher.cz\/index.php?rest_route=\/wp\/v2\/types\/page"}],"author":[{"embeddable":true,"href":"https:\/\/witcher.cz\/index.php?rest_route=\/wp\/v2\/users\/1"}],"replies":[{"embeddable":true,"href":"https:\/\/witcher.cz\/index.php?rest_route=%2Fwp%2Fv2%2Fcomments&post=8"}],"version-history":[{"count":3,"href":"https:\/\/witcher.cz\/index.php?rest_route=\/wp\/v2\/pages\/8\/revisions"}],"predecessor-version":[{"id":29,"href":"https:\/\/witcher.cz\/index.php?rest_route=\/wp\/v2\/pages\/8\/revisions\/29"}],"wp:attachment":[{"href":"https:\/\/witcher.cz\/index.php?rest_route=%2Fwp%2Fv2%2Fmedia&parent=8"}],"curies":[{"name":"wp","href":"https:\/\/api.w.org\/{rel}","templated":true}]}}